{"id":2,"date":"2024-11-19T18:52:07","date_gmt":"2024-11-19T18:52:07","guid":{"rendered":"http:\/\/safdfdrc.org\/\/?page_id=2"},"modified":"2024-12-21T14:47:33","modified_gmt":"2024-12-21T14:47:33","slug":"sample-page","status":"publish","type":"page","link":"https:\/\/safdfdrc.org\/?page_id=2","title":{"rendered":"A propos de SAFDF"},"content":{"rendered":"\n<p><strong><em><u>Br\u00e8ve historique<\/u><\/em><\/strong><\/p>\n\n\n\n<p>La SAFDF c\u2019est la Solidarit\u00e9 des Associations F\u00e9minines pour les Droits de la Femme et de l\u2019enfant cr\u00e9\u00e9e \u00e0 Butembo le 12 avril 2003.<\/p>\n\n\n\n<p>Elle a son si\u00e8ge social au N\u00b054, avenue Baswagha, ville de Butembo, province du Nord Kivu en R\u00e9publique D\u00e9mocratique du Congo. Travaillant en ordre dispers\u00e9 pendant les guerres dites de lib\u00e9ration en RD Congo, les structures membres ont d\u00e9cid\u00e9 de cr\u00e9er la plate-forme SAFDF pour pouvoir mener des actions efficaces et durables en vue de l\u2019effectivit\u00e9 des droits de la femme car\u00ab l\u2019Union fait la force \u00bbdit-on.<\/p>\n\n\n\n<figure class=\"wp-block-image size-large is-style-default\"><img fetchpriority=\"high\" decoding=\"async\" width=\"1024\" height=\"630\" src=\"http:\/\/safdfdrc.org\/wp-content\/uploads\/2024\/12\/JULIEN-4-1024x630.jpg\" alt=\"\" class=\"wp-image-24\" srcset=\"https:\/\/safdfdrc.org\/wp-content\/uploads\/2024\/12\/JULIEN-4-1024x630.jpg 1024w, https:\/\/safdfdrc.org\/wp-content\/uploads\/2024\/12\/JULIEN-4-300x184.jpg 300w, https:\/\/safdfdrc.org\/wp-content\/uploads\/2024\/12\/JULIEN-4-768x472.jpg 768w, https:\/\/safdfdrc.org\/wp-content\/uploads\/2024\/12\/JULIEN-4.jpg 1080w\" sizes=\"(max-width: 1024px) 100vw, 1024px\" \/><\/figure>\n\n\n\n<p><strong>Objectif global&nbsp;: <\/strong>cr\u00e9er un contexte, un cadre d\u2019\u00e9changes pour la d\u00e9fense, la protection et la promotion des droits de la femme et de l\u2019enfant.<\/p>\n\n\n\n<p><strong>Objectifs sp\u00e9cifiques<\/strong><\/p>\n\n\n\n<ul class=\"wp-block-list\">\n<li>D\u00e9fendre les droits de la femme et de l\u2018enfant, les assister sur la plan socio-\u00e9conomique&nbsp;;<\/li>\n\n\n\n<li>Assurer la d\u00e9dramatisation psycho-socio-m\u00e9dicale en faveur des femmes et des enfants victimes de diverses violations&nbsp;;<\/li>\n\n\n\n<li>Apporter une assistance technique, juridique, judiciaire aux femmes et enfants victimes des diverses violations des droits humains, qui le demandent&nbsp;;<\/li>\n\n\n\n<li>Prot\u00e9ger, d\u00e9fendre et faire appliquer les droits des femmes travailleuses et des enfants<\/li>\n\n\n\n<li>Faire le lobbying au niveau local, national, r\u00e9gional et international en faveur des victimes des violences diff\u00e9rentes violations.<\/li>\n\n\n\n<li>&nbsp;Facilitation de la r\u00e9solution pacifique des conflits interpersonnels\/ intercommunautaires en territoire de Lubero<\/li>\n\n\n\n<li>Renforcement des capacit\u00e9s des femmes leaders et leaders potentielles des communaut\u00e9s.<\/li>\n<\/ul>\n\n\n\n<p>Plaidoyer pour la participation de la femme dans les instances de prise de d\u00e9cision dans la province du Nord Kivu<strong><\/strong><\/p>\n","protected":false},"excerpt":{"rendered":"<p>Br\u00e8ve historique La SAFDF c\u2019est la Solidarit\u00e9 des Associations F\u00e9minines pour les Droits de la Femme et de l\u2019enfant cr\u00e9\u00e9e \u00e0 Butembo le 12 avril 2003. Elle a son si\u00e8ge social au N\u00b054, avenue Baswagha, ville de Butembo, province du Nord Kivu en R\u00e9publique D\u00e9mocratique du Congo. Travaillant en ordre dispers\u00e9 pendant les guerres dites [&hellip;]<\/p>\n","protected":false},"author":1,"featured_media":0,"parent":0,"menu_order":0,"comment_status":"closed","ping_status":"open","template":"","meta":{"footnotes":""},"class_list":["post-2","page","type-page","status-publish","hentry"],"_links":{"self":[{"href":"https:\/\/safdfdrc.org\/index.php?rest_route=\/wp\/v2\/pages\/2","targetHints":{"allow":["GET"]}}],"collection":[{"href":"https:\/\/safdfdrc.org\/index.php?rest_route=\/wp\/v2\/pages"}],"about":[{"href":"https:\/\/safdfdrc.org\/index.php?rest_route=\/wp\/v2\/types\/page"}],"author":[{"embeddable":true,"href":"https:\/\/safdfdrc.org\/index.php?rest_route=\/wp\/v2\/users\/1"}],"replies":[{"embeddable":true,"href":"https:\/\/safdfdrc.org\/index.php?rest_route=%2Fwp%2Fv2%2Fcomments&post=2"}],"version-history":[{"count":5,"href":"https:\/\/safdfdrc.org\/index.php?rest_route=\/wp\/v2\/pages\/2\/revisions"}],"predecessor-version":[{"id":80,"href":"https:\/\/safdfdrc.org\/index.php?rest_route=\/wp\/v2\/pages\/2\/revisions\/80"}],"wp:attachment":[{"href":"https:\/\/safdfdrc.org\/index.php?rest_route=%2Fwp%2Fv2%2Fmedia&parent=2"}],"curies":[{"name":"wp","href":"https:\/\/api.w.org\/{rel}","templated":true}]}}